{"id":13913,"date":"2022-07-28T16:25:27","date_gmt":"2022-07-28T14:25:27","guid":{"rendered":"https:\/\/www.huber-signage.eu\/zertifizierungen\/"},"modified":"2023-02-06T10:14:38","modified_gmt":"2023-02-06T09:14:38","slug":"certifications","status":"publish","type":"page","link":"https:\/\/www.huber-signage.eu\/en\/certifications\/","title":{"rendered":"Certifications"},"content":{"rendered":"\n\n\n\n\n\n\n\n\n\n\n\n\n\n\n\n\n\n\n\n\n\n\n\n\n\n\n\n\n\n\n\n                    \n            <div class=\"ce ce-text\n         ce--mb-small                                 \"\n             id=\"block_2f613f24d843dc5408941fe9edd30308\">\n                                    <div class=\"container-fluid\">\n                                <div class=\"row\">\n                    <div class=\"col-12 col-md-12 col-xl-12 mx-auto text-left\">\n                        <div class=\"ce-textblock u-animated\" data-animation=\"true\" data-animation-duration=\"300\">\n    <div class=\"ce-textblock__text\">\n                        <p>ngg_shortcode_0_placeholder<\/p>\n\n    <\/div>\n<\/div>\n                    <\/div>\n                <\/div>\n                            <\/div>\n                    <\/div>\n    \n        \n\n\n\n\n\n\n\n\n\n\n\n\n\n\n\n\n\n\n\n\n\n\n\n\n\n\n\n\n\n\n\n\n\n\n            \n        \n                    <div class=\"ce ce-cols ce-cols--2\n         ce--mb-small                                 \"\n                 id=\"block_446b0f747f3bac4f052d451e75932307\">\n                                <div class=\"container-fluid\">\n                                        <div class=\"row\">\n                        <div class=\"col-12 col-lg-2 \">\n                            <!--HIER DIE SCHLEIFE MIT DEM CONTENT SPALTE 1-->\n                                                                                                                            \n\n\n\n\n\n\n\n\n\n\n\n\n\n\n\n\n\n\n\n\n\n\n\n\n\n\n\n\n\n\n                                            \n                    \n        \n        \n        \n    \n\n                    \n    \n    \n                            \n            <div class=\"ce ce-image\n                                                            ce--no-bg\n        \"\n             id=\"block_446b0f747f3bac4f052d451e75932307\">\n                                                        <div class=\"row\">\n                    <div class=\"col-12 col-md-12 col-xl-12  text-left \">\n                        <figure class=\"\"  data-animation=\"true\" data-animation-duration=\"300\" >\n                                                                                                                                                                                    <picture>\n                                                                            \n                                        \n                                                                                                                                                                \n                                        <source media=\"(min-width: 1600px)\" data-srcset=\"https:\/\/www.huber-signage.eu\/wp-content\/uploads\/sites\/3\/2022\/09\/Content_592x420px_Leitbetrieb-Oesterreich-800x562px-1600x0-c-default.jpg\">\n                                        <source media=\"(min-width: 1200px)\" data-srcset=\"https:\/\/www.huber-signage.eu\/wp-content\/uploads\/sites\/3\/2022\/09\/Content_592x420px_Leitbetrieb-Oesterreich-800x562px-1600x0-c-default.jpg\">\n                                        <source media=\"(min-width: 992px)\" data-srcset=\"https:\/\/www.huber-signage.eu\/wp-content\/uploads\/sites\/3\/2022\/09\/Content_592x420px_Leitbetrieb-Oesterreich-800x562px-992x0-c-default.jpg\">\n                                        <source media=\"(min-width: 768px)\" data-srcset=\"https:\/\/www.huber-signage.eu\/wp-content\/uploads\/sites\/3\/2022\/09\/Content_592x420px_Leitbetrieb-Oesterreich-800x562px-992x0-c-default.jpg\">\n                                        <source media=\"(min-width: 576px)\" data-srcset=\"https:\/\/www.huber-signage.eu\/wp-content\/uploads\/sites\/3\/2022\/09\/Content_592x420px_Leitbetrieb-Oesterreich-800x562px-576x0-c-default.jpg\">\n                                                                                    <source media=\"(min-width: 320px)\"\n                                                    data-srcset=\"https:\/\/www.huber-signage.eu\/wp-content\/uploads\/sites\/3\/2022\/09\/Content_592x420px_Leitbetrieb-Oesterreich-800x562px-576x0-c-default.jpg\">\n                                            <source data-srcset=\"https:\/\/www.huber-signage.eu\/wp-content\/uploads\/sites\/3\/2022\/09\/Content_592x420px_Leitbetrieb-Oesterreich-800x562px-320x0-c-default.jpg\">\n                                                                                <img data-src=\"https:\/\/www.huber-signage.eu\/wp-content\/uploads\/sites\/3\/2022\/09\/Content_592x420px_Leitbetrieb-Oesterreich-800x562px-1600x0-c-default.jpg\" alt=\"Huber Signage ist Teil von Leitbetrieb \u00d6stereich\" title=\"\"\n                                             width=\"800\" height=\"562\"\n                                             class=\"img-fluid w-100\">\n                                                                    <\/picture>\n                                                            \n                                                    <\/figure>\n                    <\/div>\n                <\/div>\n                        <\/div>\n    \n                                                                    \n                        <\/div>\n                        <div class=\"col-12 col-lg-10 \">\n                            <!--HIER DIE SCHLEIFE MIT DEM CONTENT SPALTE 2-->\n                                                                                                                            \n\n\n\n\n\n\n\n\n\n\n\n\n\n\n\n\n\n\n\n\n\n\n\n\n\n\n\n\n\n\n                                            \n                    \n        \n        \n        \n    \n\n                    \n    \n                    \n            <div class=\"ce ce-text\n                                        \"\n             id=\"block_446b0f747f3bac4f052d451e75932307\">\n                                        <div class=\"row\">\n                    <div class=\"col-12 col-md-12 col-xl-12  text-right\">\n                        <div class=\"ce-textblock u-animated\" data-animation=\"true\" data-animation-duration=\"300\">\n    <div class=\"ce-textblock__text\">\n                            <h2 class=\"\"> We are a \u2018Leading Company\u2019! <\/h2>\n                <p>A prestigious award for exceptional customer support: Only companies with an exceptional service portfolio are awarded the \u201cLeitbetrieb \u00d6sterreich\u201d (\u201cLeading Austrian Company\u201d) quality seal.<\/p>\n\n    <\/div>\n<\/div>\n                    <\/div>\n                <\/div>\n                        <\/div>\n    \n                                                                                            <\/div>\n                    <\/div>\n                <\/div>\n            <\/div>\n                        \n\n\n\n\n\n\n\n\n\n\n\n\n\n\n\n\n\n\n\n\n\n\n\n\n\n\n\n\n\n\n\n\n\n\n            \n        \n                    <div class=\"ce ce-cols ce-cols--2\n         ce--mb-0                                 \"\n                 id=\"block_107b662ce516b9b13570ed5b5fec7815\">\n                                <div class=\"container-fluid\">\n                                        <div class=\"row\">\n                        <div class=\"col-12 col-lg-9 \">\n                            <!--HIER DIE SCHLEIFE MIT DEM CONTENT SPALTE 1-->\n                                                                                                                            \n\n\n\n\n\n\n\n\n\n\n\n\n\n\n\n\n\n\n\n\n\n\n\n\n\n\n\n\n\n\n                                            \n                    \n        \n        \n        \n    \n\n                    \n    \n                    \n            <div class=\"ce ce-text\n                                        \"\n             id=\"block_107b662ce516b9b13570ed5b5fec7815\">\n                                        <div class=\"row\">\n                    <div class=\"col-12 col-md-12 col-xl-12  text-left\">\n                        <div class=\"ce-textblock u-animated\" data-animation=\"true\" data-animation-duration=\"300\">\n    <div class=\"ce-textblock__text\">\n                            <h2 class=\"\"> At your service in compliance with the law <\/h2>\n                <p>Of course, we possess all the business licenses that are necessary to conduct our business. Thus, you can rest assured that we always provide our services for your signage project in the best possible way, as quickly as possible, and in a legally compliant manner.<\/p>\n\n    <\/div>\n<\/div>\n                    <\/div>\n                <\/div>\n                        <\/div>\n    \n                                                                    \n                        <\/div>\n                        <div class=\"col-12 col-lg-3 \">\n                            <!--HIER DIE SCHLEIFE MIT DEM CONTENT SPALTE 2-->\n                                                                                                                            \n\n\n\n\n\n\n\n\n\n\n\n\n\n\n\n\n\n\n\n\n\n\n\n\n\n\n\n\n\n\n                                            \n                    \n        \n        \n        \n    \n\n                    \n    \n    \n                            \n            <div class=\"ce ce-image\n                                                            ce--no-bg\n        \"\n             id=\"block_107b662ce516b9b13570ed5b5fec7815\">\n                                                        <div class=\"row\">\n                    <div class=\"col-12 col-md-12 col-xl-12  text-left \">\n                        <figure class=\"\"  data-animation=\"true\" data-animation-duration=\"300\" >\n                                                                                                                                                                                    <picture>\n                                                                            \n                                        \n                                                                                                                                                                \n                                        <source media=\"(min-width: 1600px)\" data-srcset=\"https:\/\/www.huber-signage.eu\/wp-content\/uploads\/sites\/3\/2022\/09\/Content_592x420px_gewerbeschein-formular-800x562px-1600x0-c-default.jpg\">\n                                        <source media=\"(min-width: 1200px)\" data-srcset=\"https:\/\/www.huber-signage.eu\/wp-content\/uploads\/sites\/3\/2022\/09\/Content_592x420px_gewerbeschein-formular-800x562px-1600x0-c-default.jpg\">\n                                        <source media=\"(min-width: 992px)\" data-srcset=\"https:\/\/www.huber-signage.eu\/wp-content\/uploads\/sites\/3\/2022\/09\/Content_592x420px_gewerbeschein-formular-800x562px-992x0-c-default.jpg\">\n                                        <source media=\"(min-width: 768px)\" data-srcset=\"https:\/\/www.huber-signage.eu\/wp-content\/uploads\/sites\/3\/2022\/09\/Content_592x420px_gewerbeschein-formular-800x562px-992x0-c-default.jpg\">\n                                        <source media=\"(min-width: 576px)\" data-srcset=\"https:\/\/www.huber-signage.eu\/wp-content\/uploads\/sites\/3\/2022\/09\/Content_592x420px_gewerbeschein-formular-800x562px-576x0-c-default.jpg\">\n                                                                                    <source media=\"(min-width: 320px)\"\n                                                    data-srcset=\"https:\/\/www.huber-signage.eu\/wp-content\/uploads\/sites\/3\/2022\/09\/Content_592x420px_gewerbeschein-formular-800x562px-576x0-c-default.jpg\">\n                                            <source data-srcset=\"https:\/\/www.huber-signage.eu\/wp-content\/uploads\/sites\/3\/2022\/09\/Content_592x420px_gewerbeschein-formular-800x562px-320x0-c-default.jpg\">\n                                                                                <img data-src=\"https:\/\/www.huber-signage.eu\/wp-content\/uploads\/sites\/3\/2022\/09\/Content_592x420px_gewerbeschein-formular-800x562px-1600x0-c-default.jpg\" alt=\"Konzessionen und Zertifikate Huber Signage\" title=\"\"\n                                             width=\"800\" height=\"562\"\n                                             class=\"img-fluid w-100\">\n                                                                    <\/picture>\n                                                            \n                                                    <\/figure>\n                    <\/div>\n                <\/div>\n                        <\/div>\n    \n                                                                                            <\/div>\n                    <\/div>\n                <\/div>\n            <\/div>\n                        ","protected":false},"excerpt":{"rendered":"","protected":false},"author":31,"featured_media":9304,"parent":0,"menu_order":0,"comment_status":"closed","ping_status":"closed","template":"","meta":{"_acf_changed":false,"ngg_post_thumbnail":0,"footnotes":""},"class_list":["post-13913","page","type-page","status-publish","has-post-thumbnail","hentry"],"acf":[],"yoast_head":"<!-- This site is optimized with the Yoast SEO plugin v27.4 - https:\/\/yoast.com\/product\/yoast-seo-wordpress\/ -->\n<title>Certifications - HUBER Signage<\/title>\n<meta name=\"description\" content=\"Gesicherte Qualit\u00e4t und best\u00e4tigte Fachkompetenz, wir \u00fcbertreffen die branchen\u00fcblichen Standards, Einhaltung der Sicherheitsbestimmungen\" \/>\n<meta name=\"robots\" content=\"index, follow, max-snippet:-1, max-image-preview:large, max-video-preview:-1\" \/>\n<link rel=\"canonical\" href=\"https:\/\/www.huber-signage.eu\/en\/certifications\/\" \/>\n<meta property=\"og:locale\" content=\"en_US\" \/>\n<meta property=\"og:type\" content=\"article\" \/>\n<meta property=\"og:title\" content=\"Certifications - HUBER Signage\" \/>\n<meta property=\"og:description\" content=\"Gesicherte Qualit\u00e4t und best\u00e4tigte Fachkompetenz, wir \u00fcbertreffen die branchen\u00fcblichen Standards, Einhaltung der Sicherheitsbestimmungen\" \/>\n<meta property=\"og:url\" content=\"https:\/\/www.huber-signage.eu\/en\/certifications\/\" \/>\n<meta property=\"og:site_name\" content=\"HUBER Signage\" \/>\n<meta property=\"article:publisher\" content=\"https:\/\/www.facebook.com\/huber.signage.austria.gmbh\" \/>\n<meta property=\"article:modified_time\" content=\"2023-02-06T09:14:38+00:00\" \/>\n<meta property=\"og:image\" content=\"https:\/\/www.huber-signage.eu\/wp-content\/uploads\/sites\/3\/2022\/09\/Header_Signage-Zertifikate_1385x747_72dpi.jpg\" \/>\n\t<meta property=\"og:image:width\" content=\"1385\" \/>\n\t<meta property=\"og:image:height\" content=\"747\" \/>\n\t<meta property=\"og:image:type\" content=\"image\/jpeg\" \/>\n<meta name=\"twitter:card\" content=\"summary_large_image\" \/>\n<script type=\"application\/ld+json\" class=\"yoast-schema-graph\">{\"@context\":\"https:\\\/\\\/schema.org\",\"@graph\":[{\"@type\":\"WebPage\",\"@id\":\"https:\\\/\\\/www.huber-signage.eu\\\/en\\\/certifications\\\/\",\"url\":\"https:\\\/\\\/www.huber-signage.eu\\\/en\\\/certifications\\\/\",\"name\":\"Certifications - HUBER Signage\",\"isPartOf\":{\"@id\":\"https:\\\/\\\/www.huber-signage.eu\\\/en\\\/#website\"},\"primaryImageOfPage\":{\"@id\":\"https:\\\/\\\/www.huber-signage.eu\\\/en\\\/certifications\\\/#primaryimage\"},\"image\":{\"@id\":\"https:\\\/\\\/www.huber-signage.eu\\\/en\\\/certifications\\\/#primaryimage\"},\"thumbnailUrl\":\"https:\\\/\\\/www.huber-signage.eu\\\/wp-content\\\/uploads\\\/sites\\\/3\\\/2022\\\/09\\\/Header_Signage-Zertifikate_1385x747_72dpi.jpg\",\"datePublished\":\"2022-07-28T14:25:27+00:00\",\"dateModified\":\"2023-02-06T09:14:38+00:00\",\"description\":\"Gesicherte Qualit\u00e4t und best\u00e4tigte Fachkompetenz, wir \u00fcbertreffen die branchen\u00fcblichen Standards, Einhaltung der Sicherheitsbestimmungen\",\"breadcrumb\":{\"@id\":\"https:\\\/\\\/www.huber-signage.eu\\\/en\\\/certifications\\\/#breadcrumb\"},\"inLanguage\":\"en-US\",\"potentialAction\":[{\"@type\":\"ReadAction\",\"target\":[\"https:\\\/\\\/www.huber-signage.eu\\\/en\\\/certifications\\\/\"]}]},{\"@type\":\"ImageObject\",\"inLanguage\":\"en-US\",\"@id\":\"https:\\\/\\\/www.huber-signage.eu\\\/en\\\/certifications\\\/#primaryimage\",\"url\":\"https:\\\/\\\/www.huber-signage.eu\\\/wp-content\\\/uploads\\\/sites\\\/3\\\/2022\\\/09\\\/Header_Signage-Zertifikate_1385x747_72dpi.jpg\",\"contentUrl\":\"https:\\\/\\\/www.huber-signage.eu\\\/wp-content\\\/uploads\\\/sites\\\/3\\\/2022\\\/09\\\/Header_Signage-Zertifikate_1385x747_72dpi.jpg\",\"width\":1385,\"height\":747,\"caption\":\"HUBER Signage Zertifizierungen zeugen von gesicherter Qualit\u00e4t und Fachkompetenz\"},{\"@type\":\"BreadcrumbList\",\"@id\":\"https:\\\/\\\/www.huber-signage.eu\\\/en\\\/certifications\\\/#breadcrumb\",\"itemListElement\":[{\"@type\":\"ListItem\",\"position\":1,\"name\":\"Startseite\",\"item\":\"https:\\\/\\\/www.huber-signage.eu\\\/en\\\/\"},{\"@type\":\"ListItem\",\"position\":2,\"name\":\"Certifications\"}]},{\"@type\":\"WebSite\",\"@id\":\"https:\\\/\\\/www.huber-signage.eu\\\/en\\\/#website\",\"url\":\"https:\\\/\\\/www.huber-signage.eu\\\/en\\\/\",\"name\":\"HUBER Signage\",\"description\":\"Eine weitere Huber Infomotion Website\",\"publisher\":{\"@id\":\"https:\\\/\\\/www.huber-signage.eu\\\/en\\\/#organization\"},\"potentialAction\":[{\"@type\":\"SearchAction\",\"target\":{\"@type\":\"EntryPoint\",\"urlTemplate\":\"https:\\\/\\\/www.huber-signage.eu\\\/en\\\/?s={search_term_string}\"},\"query-input\":{\"@type\":\"PropertyValueSpecification\",\"valueRequired\":true,\"valueName\":\"search_term_string\"}}],\"inLanguage\":\"en-US\"},{\"@type\":\"Organization\",\"@id\":\"https:\\\/\\\/www.huber-signage.eu\\\/en\\\/#organization\",\"name\":\"HUBER Signage Austria GmbH\",\"url\":\"https:\\\/\\\/www.huber-signage.eu\\\/en\\\/\",\"logo\":{\"@type\":\"ImageObject\",\"inLanguage\":\"en-US\",\"@id\":\"https:\\\/\\\/www.huber-signage.eu\\\/en\\\/#\\\/schema\\\/logo\\\/image\\\/\",\"url\":\"https:\\\/\\\/www.huber-signage.eu\\\/wp-content\\\/uploads\\\/sites\\\/3\\\/2022\\\/08\\\/Huber_Logo_kl_020822.png\",\"contentUrl\":\"https:\\\/\\\/www.huber-signage.eu\\\/wp-content\\\/uploads\\\/sites\\\/3\\\/2022\\\/08\\\/Huber_Logo_kl_020822.png\",\"width\":608,\"height\":608,\"caption\":\"HUBER Signage Austria GmbH\"},\"image\":{\"@id\":\"https:\\\/\\\/www.huber-signage.eu\\\/en\\\/#\\\/schema\\\/logo\\\/image\\\/\"},\"sameAs\":[\"https:\\\/\\\/www.facebook.com\\\/huber.signage.austria.gmbh\",\"https:\\\/\\\/www.instagram.com\\\/huber_signage\\\/\",\"https:\\\/\\\/at.linkedin.com\\\/company\\\/huber-reklametechnik-gmbh\"]}]}<\/script>\n<!-- \/ Yoast SEO plugin. -->","yoast_head_json":{"title":"Certifications - HUBER Signage","description":"Gesicherte Qualit\u00e4t und best\u00e4tigte Fachkompetenz, wir \u00fcbertreffen die branchen\u00fcblichen Standards, Einhaltung der Sicherheitsbestimmungen","robots":{"index":"index","follow":"follow","max-snippet":"max-snippet:-1","max-image-preview":"max-image-preview:large","max-video-preview":"max-video-preview:-1"},"canonical":"https:\/\/www.huber-signage.eu\/en\/certifications\/","og_locale":"en_US","og_type":"article","og_title":"Certifications - HUBER Signage","og_description":"Gesicherte Qualit\u00e4t und best\u00e4tigte Fachkompetenz, wir \u00fcbertreffen die branchen\u00fcblichen Standards, Einhaltung der Sicherheitsbestimmungen","og_url":"https:\/\/www.huber-signage.eu\/en\/certifications\/","og_site_name":"HUBER Signage","article_publisher":"https:\/\/www.facebook.com\/huber.signage.austria.gmbh","article_modified_time":"2023-02-06T09:14:38+00:00","og_image":[{"width":1385,"height":747,"url":"https:\/\/www.huber-signage.eu\/wp-content\/uploads\/sites\/3\/2022\/09\/Header_Signage-Zertifikate_1385x747_72dpi.jpg","type":"image\/jpeg"}],"twitter_card":"summary_large_image","schema":{"@context":"https:\/\/schema.org","@graph":[{"@type":"WebPage","@id":"https:\/\/www.huber-signage.eu\/en\/certifications\/","url":"https:\/\/www.huber-signage.eu\/en\/certifications\/","name":"Certifications - HUBER Signage","isPartOf":{"@id":"https:\/\/www.huber-signage.eu\/en\/#website"},"primaryImageOfPage":{"@id":"https:\/\/www.huber-signage.eu\/en\/certifications\/#primaryimage"},"image":{"@id":"https:\/\/www.huber-signage.eu\/en\/certifications\/#primaryimage"},"thumbnailUrl":"https:\/\/www.huber-signage.eu\/wp-content\/uploads\/sites\/3\/2022\/09\/Header_Signage-Zertifikate_1385x747_72dpi.jpg","datePublished":"2022-07-28T14:25:27+00:00","dateModified":"2023-02-06T09:14:38+00:00","description":"Gesicherte Qualit\u00e4t und best\u00e4tigte Fachkompetenz, wir \u00fcbertreffen die branchen\u00fcblichen Standards, Einhaltung der Sicherheitsbestimmungen","breadcrumb":{"@id":"https:\/\/www.huber-signage.eu\/en\/certifications\/#breadcrumb"},"inLanguage":"en-US","potentialAction":[{"@type":"ReadAction","target":["https:\/\/www.huber-signage.eu\/en\/certifications\/"]}]},{"@type":"ImageObject","inLanguage":"en-US","@id":"https:\/\/www.huber-signage.eu\/en\/certifications\/#primaryimage","url":"https:\/\/www.huber-signage.eu\/wp-content\/uploads\/sites\/3\/2022\/09\/Header_Signage-Zertifikate_1385x747_72dpi.jpg","contentUrl":"https:\/\/www.huber-signage.eu\/wp-content\/uploads\/sites\/3\/2022\/09\/Header_Signage-Zertifikate_1385x747_72dpi.jpg","width":1385,"height":747,"caption":"HUBER Signage Zertifizierungen zeugen von gesicherter Qualit\u00e4t und Fachkompetenz"},{"@type":"BreadcrumbList","@id":"https:\/\/www.huber-signage.eu\/en\/certifications\/#breadcrumb","itemListElement":[{"@type":"ListItem","position":1,"name":"Startseite","item":"https:\/\/www.huber-signage.eu\/en\/"},{"@type":"ListItem","position":2,"name":"Certifications"}]},{"@type":"WebSite","@id":"https:\/\/www.huber-signage.eu\/en\/#website","url":"https:\/\/www.huber-signage.eu\/en\/","name":"HUBER Signage","description":"Eine weitere Huber Infomotion Website","publisher":{"@id":"https:\/\/www.huber-signage.eu\/en\/#organization"},"potentialAction":[{"@type":"SearchAction","target":{"@type":"EntryPoint","urlTemplate":"https:\/\/www.huber-signage.eu\/en\/?s={search_term_string}"},"query-input":{"@type":"PropertyValueSpecification","valueRequired":true,"valueName":"search_term_string"}}],"inLanguage":"en-US"},{"@type":"Organization","@id":"https:\/\/www.huber-signage.eu\/en\/#organization","name":"HUBER Signage Austria GmbH","url":"https:\/\/www.huber-signage.eu\/en\/","logo":{"@type":"ImageObject","inLanguage":"en-US","@id":"https:\/\/www.huber-signage.eu\/en\/#\/schema\/logo\/image\/","url":"https:\/\/www.huber-signage.eu\/wp-content\/uploads\/sites\/3\/2022\/08\/Huber_Logo_kl_020822.png","contentUrl":"https:\/\/www.huber-signage.eu\/wp-content\/uploads\/sites\/3\/2022\/08\/Huber_Logo_kl_020822.png","width":608,"height":608,"caption":"HUBER Signage Austria GmbH"},"image":{"@id":"https:\/\/www.huber-signage.eu\/en\/#\/schema\/logo\/image\/"},"sameAs":["https:\/\/www.facebook.com\/huber.signage.austria.gmbh","https:\/\/www.instagram.com\/huber_signage\/","https:\/\/at.linkedin.com\/company\/huber-reklametechnik-gmbh"]}]}},"_links":{"self":[{"href":"https:\/\/www.huber-signage.eu\/en\/wp-json\/wp\/v2\/pages\/13913","targetHints":{"allow":["GET"]}}],"collection":[{"href":"https:\/\/www.huber-signage.eu\/en\/wp-json\/wp\/v2\/pages"}],"about":[{"href":"https:\/\/www.huber-signage.eu\/en\/wp-json\/wp\/v2\/types\/page"}],"author":[{"embeddable":true,"href":"https:\/\/www.huber-signage.eu\/en\/wp-json\/wp\/v2\/users\/31"}],"replies":[{"embeddable":true,"href":"https:\/\/www.huber-signage.eu\/en\/wp-json\/wp\/v2\/comments?post=13913"}],"version-history":[{"count":4,"href":"https:\/\/www.huber-signage.eu\/en\/wp-json\/wp\/v2\/pages\/13913\/revisions"}],"predecessor-version":[{"id":14140,"href":"https:\/\/www.huber-signage.eu\/en\/wp-json\/wp\/v2\/pages\/13913\/revisions\/14140"}],"wp:featuredmedia":[{"embeddable":true,"href":"https:\/\/www.huber-signage.eu\/en\/wp-json\/wp\/v2\/media\/9304"}],"wp:attachment":[{"href":"https:\/\/www.huber-signage.eu\/en\/wp-json\/wp\/v2\/media?parent=13913"}],"curies":[{"name":"wp","href":"https:\/\/api.w.org\/{rel}","templated":true}]}}