{"id":13873,"date":"2022-07-28T16:13:42","date_gmt":"2022-07-28T14:13:42","guid":{"rendered":"https:\/\/www.huber-signage.eu\/fertigung-im-eigenen-haus\/"},"modified":"2023-02-06T11:17:52","modified_gmt":"2023-02-06T10:17:52","slug":"in-house-production","status":"publish","type":"page","link":"https:\/\/www.huber-signage.eu\/en\/in-house-production\/","title":{"rendered":"In-house production"},"content":{"rendered":"\n\n\n\n\n\n\n\n\n\n\n\n\n\n\n\n\n\n\n\n\n\n\n\n\n\n\n\n\n\n\n\n    \n        \n        \n    \n                                \n                            \n                                \n    \n    \n        \n    \n    \n                                                                                 \n            <div class=\"ce ce-textimage\n         ce--mb-medium                          ce--sp-xsmall                             ce--full\n                            u-bgColor-lightgrey\n                    \"\n             id=\"block_8bf53381aa7879aa804e3b3b0b8f715d\">\n                                    <div class=\"container-fluid\">\n                                <div class=\"row\">\n                    <div class=\"ce-textimage__text col-12 col-md-12 col-xl-12 mx-auto text-left  d-flex flex-column justify-content-start\">\n                        <div class=\"ce-textblock u-animated\" data-animation=\"true\" data-animation-duration=\"300\">\n    <div class=\"ce-textblock__text\">\n                            <h2 class=\"h4\"> The world of advertising technology is extremely diverse \u2013 We manufacture, deliver, and install solutions across the entire spectrum. <\/h2>\n                \n    <\/div>\n<\/div>\n                    <\/div>\n                    <div class=\"ce-textimage__image col-12 col-md-12 col-xl-12 col-12 d-flex flex-column justify-content-start\">\n                        <figure  data-animation=\"fade-up\" data-animation-duration=\"300\" >\n                                                                                                                        <picture>\n                                                                            \n                                        \n                                                                                                                                                                \n                                        <source media=\"(min-width: 1600px)\" srcset=\"https:\/\/www.huber-signage.eu\/wp-content\/uploads\/sites\/3\/2022\/09\/PRODUCTION-SPECIALIST_1600x538px-1600x0-c-default.jpg\">\n                                        <source media=\"(min-width: 1200px)\" srcset=\"https:\/\/www.huber-signage.eu\/wp-content\/uploads\/sites\/3\/2022\/09\/PRODUCTION-SPECIALIST_1600x538px-1600x0-c-default.jpg\">\n                                        <source media=\"(min-width: 992px)\" srcset=\"https:\/\/www.huber-signage.eu\/wp-content\/uploads\/sites\/3\/2022\/09\/PRODUCTION-SPECIALIST_1600x538px-992x0-c-default.jpg\">\n                                        <source media=\"(min-width: 768px)\" srcset=\"https:\/\/www.huber-signage.eu\/wp-content\/uploads\/sites\/3\/2022\/09\/PRODUCTION-SPECIALIST_1600x538px-992x0-c-default.jpg\">\n                                        <source media=\"(min-width: 576px)\" srcset=\"https:\/\/www.huber-signage.eu\/wp-content\/uploads\/sites\/3\/2022\/09\/PRODUCTION-SPECIALIST_1600x538px-576x0-c-default.jpg\">\n                                        <source media=\"(min-width: 320px)\" srcset=\"https:\/\/www.huber-signage.eu\/wp-content\/uploads\/sites\/3\/2022\/09\/PRODUCTION-SPECIALIST_1600x538px-576x0-c-default.jpg\">\n                                        <source srcset=\"https:\/\/www.huber-signage.eu\/wp-content\/uploads\/sites\/3\/2022\/09\/PRODUCTION-SPECIALIST_1600x538px-576x0-c-default.jpg\">\n                                        <img loading=\"lazy\" decoding=\"async\" src=\"https:\/\/www.huber-signage.eu\/wp-content\/uploads\/sites\/3\/2022\/09\/PRODUCTION-SPECIALIST_1600x538px-1600x0-c-default.jpg\" alt=\"HUBER Signage Production Specialist mit hohem Eigenfertigungsanteil\" title=\"PRODUCTION SPECIALIST 1600x538px\"\n                                             width=\"1600\" height=\"538\"\n                                             class=\"img-fluid w-100\">\n                                                                    <\/picture>\n                            \n                                                    <\/figure>\n                    <\/div>\n                <\/div>\n                            <\/div>\n                    <\/div>\n    \n        \n\n\n\n\n\n\n\n\n\n\n\n\n\n\n\n\n\n\n\n\n\n\n\n\n\n\n\n\n\n\n\n\n\n\n            \n        \n                    <div class=\"ce ce-cols ce-cols--2\n         ce--mb-0                                 \"\n                 id=\"block_b9e3cdbd7c97285562ad4d9835f3fca5\">\n                                <div class=\"container-fluid\">\n                    <div class=\"row\">\n    <div class=\"ce-text__text col-12 col-md-12 col-xl-12 mx-auto text-left\">\n        <div class=\"ce-textblock\" data-animation=\"true\" data-animation-duration=\"300\">\n            <div class=\"ce-textblock__text\">\n                                                <h2 class=\"h4\">Cutting-edge machinery for all relevant processing procedures and manufacturing requirements: <\/ h2 >\n                            <\/div>\n        <\/div>\n    <\/div>\n<\/div>\n                    <div class=\"row\">\n                        <div class=\"col-12 col-lg-6 \">\n                            <!--HIER DIE SCHLEIFE MIT DEM CONTENT SPALTE 1-->\n                                                                                                                            \n\n\n\n\n\n\n\n\n\n\n\n\n\n\n\n\n\n\n\n\n\n\n\n\n\n\n\n\n\n\n                                            \n                    \n        \n        \n        \n    \n\n                    \n    \n                    \n            <div class=\"ce ce-text\n                                        \"\n             id=\"block_b9e3cdbd7c97285562ad4d9835f3fca5\">\n                                        <div class=\"row\">\n                    <div class=\"col-12 col-md-12 col-xl-12  text-left\">\n                        <div class=\"ce-textblock u-animated\" data-animation=\"true\" data-animation-duration=\"300\">\n    <div class=\"ce-textblock__text\">\n                        <ul>\n<li><strong>Digital printing<\/strong><\/li>\n<li><strong>Milling<\/strong><\/li>\n<li><strong>Metal processing<\/strong><\/li>\n<\/ul>\n\n    <\/div>\n<\/div>\n                    <\/div>\n                <\/div>\n                        <\/div>\n    \n                                                                    \n                        <\/div>\n                        <div class=\"col-12 col-lg-6 \">\n                            <!--HIER DIE SCHLEIFE MIT DEM CONTENT SPALTE 2-->\n                                                                                                                            \n\n\n\n\n\n\n\n\n\n\n\n\n\n\n\n\n\n\n\n\n\n\n\n\n\n\n\n\n\n\n                                            \n                    \n        \n        \n        \n    \n\n                    \n    \n                    \n            <div class=\"ce ce-text\n                                        \"\n             id=\"block_b9e3cdbd7c97285562ad4d9835f3fca5\">\n                                        <div class=\"row\">\n                    <div class=\"col-12 col-md-12 col-xl-12  text-left\">\n                        <div class=\"ce-textblock u-animated\" data-animation=\"true\" data-animation-duration=\"300\">\n    <div class=\"ce-textblock__text\">\n                        <ul>\n<li><strong>Laser and plasma cutter<\/strong><\/li>\n<li><strong>Cutter<\/strong><\/li>\n<\/ul>\n\n    <\/div>\n<\/div>\n                    <\/div>\n                <\/div>\n                        <\/div>\n    \n                                                                                            <\/div>\n                    <\/div>\n                <\/div>\n            <\/div>\n                        \n\n\n\n\n\n\n\n\n\n\n\n\n\n\n\n\n\n\n\n\n\n\n\n\n\n\n\n\n\n\n\n\n\n                    \n            <div class=\"ce ce-text\n         ce--mb-small                                 \"\n             id=\"block_d013f0155cb54d5de80bab10289881b7\">\n                                    <div class=\"container-fluid\">\n                                <div class=\"row\">\n                    <div class=\"col-12 col-md-12 col-xl-12 mx-auto text-left\">\n                        <div class=\"ce-textblock u-animated\" data-animation=\"true\" data-animation-duration=\"300\">\n    <div class=\"ce-textblock__text\">\n                        <p>ngg_shortcode_0_placeholder<\/p>\n\n    <\/div>\n<\/div>\n                    <\/div>\n                <\/div>\n                            <\/div>\n                    <\/div>\n    \n        \n\n\n\n\n\n\n\n\n\n\n\n\n\n\n\n\n\n\n\n\n\n\n\n\n\n\n\n\n\n\n\n\n\n                    \n            <div class=\"ce ce-text\n         ce--mb-0                          ce--sp-xsmall          ce--full\n             u-bgColor-lightgrey \"\n             id=\"block_fc0f9445668b3a5309e52b8bc0418f05\">\n                                    <div class=\"container-fluid\">\n                                <div class=\"row\">\n                    <div class=\"col-12 col-md-12 col-xl-12 mx-auto text-left\">\n                        <div class=\"ce-textblock u-animated\" data-animation=\"true\" data-animation-duration=\"300\">\n    <div class=\"ce-textblock__text\">\n                            <h2 class=\"h3\"> See for yourself how convincing our comprehensive portfolio of products and services is! <\/h2>\n                \n    <\/div>\n<\/div>\n                    <\/div>\n                <\/div>\n                            <\/div>\n                    <\/div>\n    \n        \n\n\n\n\n\n\n\n\n\n\n\n\n\n\n\n\n\n\n\n\n\n\n\n\n\n\n\n\n\n\n\n\n\n    \n    \n                        \n        <div class=\"ce ce-promotionteaser  ce--mb-0  ce--full u-bgColor-lightgrey\" id=\"block_774d1c14cc139b51781b1cc77ad4a05a\">\n            <div class=\"container-fluid\">\n                <div class=\"row align-items-center\">\n                                        <div class=\"col-6 col-md-2 offset-lg-1\">\n                        <figure class=\"mb-md-0\" data-animation=\"true\" data-animation-duration=\"300\">\n                            <picture>\n                                <img data-src=\"https:\/\/www.huber-signage.eu\/wp-content\/uploads\/sites\/3\/2022\/08\/Huber_Logo_kl_020822-150x0-c-default.png\" alt=\"Logo HUBER Signage rund\" title=\"Logo HUBER Signage rund\" width=\"\" height=\"\" class=\"ce-promotionteaser__icon w-100 img-fluid\" loading=\"lazy\">\n                            <\/picture>\n                        <\/figure>\n                    <\/div>\n                                        <div class=\"col-12 col-md-6 col-lg-4\">\n                        <div class=\"ce-textblock\" data-animation=\"true\" data-animation-duration=\"300\">\n                            <div class=\"ce-textblock__text\">\n                                                                                                <p class=\"ce-promotionteaser__text__item\">\n                                   We would love to talk to you in person.\n                                <\/p>\n                                                            <\/div>\n                        <\/div>\n                    <\/div>\n                                        <div class=\"col-12 col-md-4\">\n                        <div class=\"d-flex text-center h-100\">\n                            <a href=\"https:\/\/www.huber-signage.eu\/en\/contact\/\" title=\"Make an appointment now\" target=\"\" class=\"btn btn--primary m-0\">Make an appointment now<\/a>\n                        <\/div>\n                    <\/div>\n                                    <\/div>\n            <\/div>\n        <\/div>\n\n\n    \n        ","protected":false},"excerpt":{"rendered":"","protected":false},"author":31,"featured_media":8572,"parent":0,"menu_order":0,"comment_status":"closed","ping_status":"closed","template":"","meta":{"_acf_changed":false,"ngg_post_thumbnail":0,"footnotes":""},"class_list":["post-13873","page","type-page","status-publish","has-post-thumbnail","hentry"],"acf":[],"yoast_head":"<!-- This site is optimized with the Yoast SEO plugin v25.8 - https:\/\/yoast.com\/wordpress\/plugins\/seo\/ -->\n<title>In-house production - HUBER Signage<\/title>\n<meta name=\"description\" content=\"Einzigartige Leistungstiefe, hoher Eigenfertigungsanteil, breit aufgestellte Fertigung in \u00d6sterreich, Flexibilit\u00e4t, Kosteneffizienz, Qualit\u00e4t\" \/>\n<meta name=\"robots\" content=\"index, follow, max-snippet:-1, max-image-preview:large, max-video-preview:-1\" \/>\n<link rel=\"canonical\" href=\"https:\/\/www.huber-signage.eu\/en\/in-house-production\/\" \/>\n<meta property=\"og:locale\" content=\"en_US\" \/>\n<meta property=\"og:type\" content=\"article\" \/>\n<meta property=\"og:title\" content=\"In-house production - HUBER Signage\" \/>\n<meta property=\"og:description\" content=\"Einzigartige Leistungstiefe, hoher Eigenfertigungsanteil, breit aufgestellte Fertigung in \u00d6sterreich, Flexibilit\u00e4t, Kosteneffizienz, Qualit\u00e4t\" \/>\n<meta property=\"og:url\" content=\"https:\/\/www.huber-signage.eu\/en\/in-house-production\/\" \/>\n<meta property=\"og:site_name\" content=\"HUBER Signage\" \/>\n<meta property=\"article:publisher\" content=\"https:\/\/www.facebook.com\/huber.signage.austria.gmbh\" \/>\n<meta property=\"article:modified_time\" content=\"2023-02-06T10:17:52+00:00\" \/>\n<meta property=\"og:image\" content=\"https:\/\/www.huber-signage.eu\/wp-content\/uploads\/sites\/3\/2022\/09\/Header_Signage-Inhouse-Fertigung_1385x747_72dpi_2_Var.jpg\" \/>\n\t<meta property=\"og:image:width\" content=\"1385\" \/>\n\t<meta property=\"og:image:height\" content=\"747\" \/>\n\t<meta property=\"og:image:type\" content=\"image\/jpeg\" \/>\n<meta name=\"twitter:card\" content=\"summary_large_image\" \/>\n<script type=\"application\/ld+json\" class=\"yoast-schema-graph\">{\"@context\":\"https:\/\/schema.org\",\"@graph\":[{\"@type\":\"WebPage\",\"@id\":\"https:\/\/www.huber-signage.eu\/en\/in-house-production\/\",\"url\":\"https:\/\/www.huber-signage.eu\/en\/in-house-production\/\",\"name\":\"In-house production - HUBER Signage\",\"isPartOf\":{\"@id\":\"https:\/\/www.huber-signage.eu\/en\/#website\"},\"primaryImageOfPage\":{\"@id\":\"https:\/\/www.huber-signage.eu\/en\/in-house-production\/#primaryimage\"},\"image\":{\"@id\":\"https:\/\/www.huber-signage.eu\/en\/in-house-production\/#primaryimage\"},\"thumbnailUrl\":\"https:\/\/www.huber-signage.eu\/wp-content\/uploads\/sites\/3\/2022\/09\/Header_Signage-Inhouse-Fertigung_1385x747_72dpi_2_Var.jpg\",\"datePublished\":\"2022-07-28T14:13:42+00:00\",\"dateModified\":\"2023-02-06T10:17:52+00:00\",\"description\":\"Einzigartige Leistungstiefe, hoher Eigenfertigungsanteil, breit aufgestellte Fertigung in \u00d6sterreich, Flexibilit\u00e4t, Kosteneffizienz, Qualit\u00e4t\",\"breadcrumb\":{\"@id\":\"https:\/\/www.huber-signage.eu\/en\/in-house-production\/#breadcrumb\"},\"inLanguage\":\"en-US\",\"potentialAction\":[{\"@type\":\"ReadAction\",\"target\":[\"https:\/\/www.huber-signage.eu\/en\/in-house-production\/\"]}]},{\"@type\":\"ImageObject\",\"inLanguage\":\"en-US\",\"@id\":\"https:\/\/www.huber-signage.eu\/en\/in-house-production\/#primaryimage\",\"url\":\"https:\/\/www.huber-signage.eu\/wp-content\/uploads\/sites\/3\/2022\/09\/Header_Signage-Inhouse-Fertigung_1385x747_72dpi_2_Var.jpg\",\"contentUrl\":\"https:\/\/www.huber-signage.eu\/wp-content\/uploads\/sites\/3\/2022\/09\/Header_Signage-Inhouse-Fertigung_1385x747_72dpi_2_Var.jpg\",\"width\":1385,\"height\":747,\"caption\":\"HUBER Signage Inhouse-Fertigung\"},{\"@type\":\"BreadcrumbList\",\"@id\":\"https:\/\/www.huber-signage.eu\/en\/in-house-production\/#breadcrumb\",\"itemListElement\":[{\"@type\":\"ListItem\",\"position\":1,\"name\":\"Startseite\",\"item\":\"https:\/\/www.huber-signage.eu\/en\/\"},{\"@type\":\"ListItem\",\"position\":2,\"name\":\"In-house production\"}]},{\"@type\":\"WebSite\",\"@id\":\"https:\/\/www.huber-signage.eu\/en\/#website\",\"url\":\"https:\/\/www.huber-signage.eu\/en\/\",\"name\":\"HUBER Signage\",\"description\":\"Eine weitere Huber Infomotion Website\",\"publisher\":{\"@id\":\"https:\/\/www.huber-signage.eu\/en\/#organization\"},\"potentialAction\":[{\"@type\":\"SearchAction\",\"target\":{\"@type\":\"EntryPoint\",\"urlTemplate\":\"https:\/\/www.huber-signage.eu\/en\/?s={search_term_string}\"},\"query-input\":{\"@type\":\"PropertyValueSpecification\",\"valueRequired\":true,\"valueName\":\"search_term_string\"}}],\"inLanguage\":\"en-US\"},{\"@type\":\"Organization\",\"@id\":\"https:\/\/www.huber-signage.eu\/en\/#organization\",\"name\":\"HUBER Signage Austria GmbH\",\"url\":\"https:\/\/www.huber-signage.eu\/en\/\",\"logo\":{\"@type\":\"ImageObject\",\"inLanguage\":\"en-US\",\"@id\":\"https:\/\/www.huber-signage.eu\/en\/#\/schema\/logo\/image\/\",\"url\":\"https:\/\/www.huber-signage.eu\/wp-content\/uploads\/sites\/3\/2022\/08\/Huber_Logo_kl_020822.png\",\"contentUrl\":\"https:\/\/www.huber-signage.eu\/wp-content\/uploads\/sites\/3\/2022\/08\/Huber_Logo_kl_020822.png\",\"width\":608,\"height\":608,\"caption\":\"HUBER Signage Austria GmbH\"},\"image\":{\"@id\":\"https:\/\/www.huber-signage.eu\/en\/#\/schema\/logo\/image\/\"},\"sameAs\":[\"https:\/\/www.facebook.com\/huber.signage.austria.gmbh\",\"https:\/\/www.instagram.com\/huber_signage\/\",\"https:\/\/at.linkedin.com\/company\/huber-reklametechnik-gmbh\"]}]}<\/script>\n<!-- \/ Yoast SEO plugin. -->","yoast_head_json":{"title":"In-house production - HUBER Signage","description":"Einzigartige Leistungstiefe, hoher Eigenfertigungsanteil, breit aufgestellte Fertigung in \u00d6sterreich, Flexibilit\u00e4t, Kosteneffizienz, Qualit\u00e4t","robots":{"index":"index","follow":"follow","max-snippet":"max-snippet:-1","max-image-preview":"max-image-preview:large","max-video-preview":"max-video-preview:-1"},"canonical":"https:\/\/www.huber-signage.eu\/en\/in-house-production\/","og_locale":"en_US","og_type":"article","og_title":"In-house production - HUBER Signage","og_description":"Einzigartige Leistungstiefe, hoher Eigenfertigungsanteil, breit aufgestellte Fertigung in \u00d6sterreich, Flexibilit\u00e4t, Kosteneffizienz, Qualit\u00e4t","og_url":"https:\/\/www.huber-signage.eu\/en\/in-house-production\/","og_site_name":"HUBER Signage","article_publisher":"https:\/\/www.facebook.com\/huber.signage.austria.gmbh","article_modified_time":"2023-02-06T10:17:52+00:00","og_image":[{"width":1385,"height":747,"url":"https:\/\/www.huber-signage.eu\/wp-content\/uploads\/sites\/3\/2022\/09\/Header_Signage-Inhouse-Fertigung_1385x747_72dpi_2_Var.jpg","type":"image\/jpeg"}],"twitter_card":"summary_large_image","schema":{"@context":"https:\/\/schema.org","@graph":[{"@type":"WebPage","@id":"https:\/\/www.huber-signage.eu\/en\/in-house-production\/","url":"https:\/\/www.huber-signage.eu\/en\/in-house-production\/","name":"In-house production - HUBER Signage","isPartOf":{"@id":"https:\/\/www.huber-signage.eu\/en\/#website"},"primaryImageOfPage":{"@id":"https:\/\/www.huber-signage.eu\/en\/in-house-production\/#primaryimage"},"image":{"@id":"https:\/\/www.huber-signage.eu\/en\/in-house-production\/#primaryimage"},"thumbnailUrl":"https:\/\/www.huber-signage.eu\/wp-content\/uploads\/sites\/3\/2022\/09\/Header_Signage-Inhouse-Fertigung_1385x747_72dpi_2_Var.jpg","datePublished":"2022-07-28T14:13:42+00:00","dateModified":"2023-02-06T10:17:52+00:00","description":"Einzigartige Leistungstiefe, hoher Eigenfertigungsanteil, breit aufgestellte Fertigung in \u00d6sterreich, Flexibilit\u00e4t, Kosteneffizienz, Qualit\u00e4t","breadcrumb":{"@id":"https:\/\/www.huber-signage.eu\/en\/in-house-production\/#breadcrumb"},"inLanguage":"en-US","potentialAction":[{"@type":"ReadAction","target":["https:\/\/www.huber-signage.eu\/en\/in-house-production\/"]}]},{"@type":"ImageObject","inLanguage":"en-US","@id":"https:\/\/www.huber-signage.eu\/en\/in-house-production\/#primaryimage","url":"https:\/\/www.huber-signage.eu\/wp-content\/uploads\/sites\/3\/2022\/09\/Header_Signage-Inhouse-Fertigung_1385x747_72dpi_2_Var.jpg","contentUrl":"https:\/\/www.huber-signage.eu\/wp-content\/uploads\/sites\/3\/2022\/09\/Header_Signage-Inhouse-Fertigung_1385x747_72dpi_2_Var.jpg","width":1385,"height":747,"caption":"HUBER Signage Inhouse-Fertigung"},{"@type":"BreadcrumbList","@id":"https:\/\/www.huber-signage.eu\/en\/in-house-production\/#breadcrumb","itemListElement":[{"@type":"ListItem","position":1,"name":"Startseite","item":"https:\/\/www.huber-signage.eu\/en\/"},{"@type":"ListItem","position":2,"name":"In-house production"}]},{"@type":"WebSite","@id":"https:\/\/www.huber-signage.eu\/en\/#website","url":"https:\/\/www.huber-signage.eu\/en\/","name":"HUBER Signage","description":"Eine weitere Huber Infomotion Website","publisher":{"@id":"https:\/\/www.huber-signage.eu\/en\/#organization"},"potentialAction":[{"@type":"SearchAction","target":{"@type":"EntryPoint","urlTemplate":"https:\/\/www.huber-signage.eu\/en\/?s={search_term_string}"},"query-input":{"@type":"PropertyValueSpecification","valueRequired":true,"valueName":"search_term_string"}}],"inLanguage":"en-US"},{"@type":"Organization","@id":"https:\/\/www.huber-signage.eu\/en\/#organization","name":"HUBER Signage Austria GmbH","url":"https:\/\/www.huber-signage.eu\/en\/","logo":{"@type":"ImageObject","inLanguage":"en-US","@id":"https:\/\/www.huber-signage.eu\/en\/#\/schema\/logo\/image\/","url":"https:\/\/www.huber-signage.eu\/wp-content\/uploads\/sites\/3\/2022\/08\/Huber_Logo_kl_020822.png","contentUrl":"https:\/\/www.huber-signage.eu\/wp-content\/uploads\/sites\/3\/2022\/08\/Huber_Logo_kl_020822.png","width":608,"height":608,"caption":"HUBER Signage Austria GmbH"},"image":{"@id":"https:\/\/www.huber-signage.eu\/en\/#\/schema\/logo\/image\/"},"sameAs":["https:\/\/www.facebook.com\/huber.signage.austria.gmbh","https:\/\/www.instagram.com\/huber_signage\/","https:\/\/at.linkedin.com\/company\/huber-reklametechnik-gmbh"]}]}},"_links":{"self":[{"href":"https:\/\/www.huber-signage.eu\/en\/wp-json\/wp\/v2\/pages\/13873","targetHints":{"allow":["GET"]}}],"collection":[{"href":"https:\/\/www.huber-signage.eu\/en\/wp-json\/wp\/v2\/pages"}],"about":[{"href":"https:\/\/www.huber-signage.eu\/en\/wp-json\/wp\/v2\/types\/page"}],"author":[{"embeddable":true,"href":"https:\/\/www.huber-signage.eu\/en\/wp-json\/wp\/v2\/users\/31"}],"replies":[{"embeddable":true,"href":"https:\/\/www.huber-signage.eu\/en\/wp-json\/wp\/v2\/comments?post=13873"}],"version-history":[{"count":5,"href":"https:\/\/www.huber-signage.eu\/en\/wp-json\/wp\/v2\/pages\/13873\/revisions"}],"predecessor-version":[{"id":14170,"href":"https:\/\/www.huber-signage.eu\/en\/wp-json\/wp\/v2\/pages\/13873\/revisions\/14170"}],"wp:featuredmedia":[{"embeddable":true,"href":"https:\/\/www.huber-signage.eu\/en\/wp-json\/wp\/v2\/media\/8572"}],"wp:attachment":[{"href":"https:\/\/www.huber-signage.eu\/en\/wp-json\/wp\/v2\/media?parent=13873"}],"curies":[{"name":"wp","href":"https:\/\/api.w.org\/{rel}","templated":true}]}}